
{"id":30,"date":"2019-01-14T09:40:14","date_gmt":"2019-01-14T09:40:14","guid":{"rendered":"https:\/\/bdsnammientrung.com.vn\/hue-heritage\/?page_id=30"},"modified":"2025-08-29T01:42:18","modified_gmt":"2025-08-29T01:42:18","slug":"lien-he","status":"publish","type":"page","link":"https:\/\/canhoviewsong.com\/hue-heritage\/lien-he\/","title":{"rendered":"Li\u00ean h\u1ec7"},"content":{"rendered":"<p><iframe loading=\"lazy\" style=\"border: 0;\" src=\"https:\/\/www.google.com\/maps\/embed?pb=!1m18!1m12!1m3!1d4578.604045460453!2d107.58943607579761!3d16.460439128844907!2m3!1f0!2f0!3f0!3m2!1i1024!2i768!4f13.1!3m3!1m2!1s0x3141a1c1148212a7%3A0x224ee10fb98fe0ee!2sHue%20Heritage!5e1!3m2!1svi!2s!4v1755146092186!5m2!1svi!2s\" width=\"100%\" height=\"450\" allowfullscreen=\"allowfullscreen\"><\/iframe><br \/>\n\t<section class=\"section lienhe\" id=\"section_537373221\">\n\t\t<div class=\"bg section-bg fill bg-fill  bg-loaded\" >\n\n\t\t\t\n\t\t\t\n\t\t\t\n\n\t\t<\/div>\n\n\t\t<div class=\"section-content relative\">\n\t\t\t\n\t<div id=\"gap-1261752168\" class=\"gap-element clearfix\" style=\"display:block; height:auto;\">\n\t\t\n<style>\n#gap-1261752168 {\n  padding-top: 20px;\n}\n<\/style>\n\t<\/div>\n\t\n<div class=\"row\"  id=\"row-1096113203\">\n\n\t<div id=\"col-2031994473\" class=\"col medium-6 small-12 large-6\"  >\n\t\t<div class=\"col-inner\"  >\n\t\t\t\n\t\t\t\n<div class=\"container section-title-container\" style=\"margin-bottom:5px;\"><h2 class=\"section-title section-title-normal\"><b><\/b><span class=\"section-title-main\" >Y\u00eau c\u1ea7u li\u00ean h\u1ec7<\/span><b><\/b><\/h2><\/div>\n<p>Qu\u00fd kh\u00e1ch vui l\u00f2ng \u0111i\u1ec1n \u0111\u1ea7y \u0111\u1ee7 th\u00f4ng tin ch\u00ednh x\u00e1c b\u00ean d\u01b0\u1edbi. Ch\u00fang t\u00f4i s\u1ebd ph\u1ea3n h\u1ed3i l\u1ea1i qu\u00fd kh\u00e1ch trong th\u1eddi gian s\u1edbm nh\u1ea5t!<\/p>\n<div role=\"form\" class=\"wpcf7\" id=\"wpcf7-f183-o1\" lang=\"vi\" dir=\"ltr\">\n<div class=\"screen-reader-response\"><\/div>\n<form action=\"\/hue-heritage\/wp-json\/wp\/v2\/pages\/30#wpcf7-f183-o1\" method=\"post\" class=\"wpcf7-form\" novalidate=\"novalidate\">\n<div style=\"display: none;\">\n<input type=\"hidden\" name=\"_wpcf7\" value=\"183\" \/>\n<input type=\"hidden\" name=\"_wpcf7_version\" value=\"5.1.1\" \/>\n<input type=\"hidden\" name=\"_wpcf7_locale\" value=\"vi\" \/>\n<input type=\"hidden\" name=\"_wpcf7_unit_tag\" value=\"wpcf7-f183-o1\" \/>\n<input type=\"hidden\" name=\"_wpcf7_container_post\" value=\"0\" \/>\n<input type=\"hidden\" name=\"g-recaptcha-response\" value=\"\" \/>\n<\/div>\n<div style=\"display: none\"><p><span class=\"wpcf7-form-control-wrap\" data-name=\"devvn\"><input size=\"40\" class=\"wpcf7-form-control wpcf7-text\" aria-invalid=\"false\" value=\"\" type=\"text\" name=\"devvn\"><\/span><\/p><\/div><div class=\"formlh\">\n<span class=\"wpcf7-form-control-wrap text-792\"><input type=\"text\" name=\"text-792\" value=\"\" size=\"40\" class=\"wpcf7-form-control wpcf7-text\" aria-invalid=\"false\" placeholder=\"H\u1ecd v\u00e0 t\u00ean\" \/><\/span><br \/>\n<span class=\"wpcf7-form-control-wrap tel-262\"><input type=\"tel\" name=\"tel-262\" value=\"\" size=\"40\" maxlength=\"10\" minlength=\"10\" class=\"wpcf7-form-control wpcf7-text wpcf7-tel wpcf7-validates-as-required wpcf7-validates-as-tel\" aria-required=\"true\" aria-invalid=\"false\" placeholder=\"S\u1ed1 \u0111i\u1ec7n tho\u1ea1i\" \/><\/span><br \/>\n<span class=\"wpcf7-form-control-wrap email-338\"><input type=\"email\" name=\"email-338\" value=\"\" size=\"40\" class=\"wpcf7-form-control wpcf7-text wpcf7-email wpcf7-validates-as-email\" aria-invalid=\"false\" placeholder=\"Email\" \/><\/span><br \/>\n<input type=\"submit\" value=\"\u0110\u0103ng k\u00fd ngay\" class=\"wpcf7-form-control wpcf7-submit\" \/>\n<\/div>\n<input type='hidden' class='wpcf7-pum' value='{\"closepopup\":false,\"closedelay\":0,\"openpopup\":false,\"openpopup_id\":0}' \/><div class=\"wpcf7-response-output wpcf7-display-none\"><\/div><\/form><\/div>\n\t\t<\/div>\n\t\t\t<\/div>\n\n\t\n\n\t<div id=\"col-1886331660\" class=\"col medium-6 small-12 large-6\"  >\n\t\t<div class=\"col-inner\"  >\n\t\t\t\n\t\t\t\n<div class=\"container section-title-container\" style=\"margin-bottom:5px;\"><h2 class=\"section-title section-title-normal\"><b><\/b><span class=\"section-title-main\" >Th\u00f4ng tin li\u00ean h\u1ec7<\/span><b><\/b><\/h2><\/div>\n<p>C\u00d4NG TY C\u1ed4 PH\u1ea6N B\u1ea4T \u0110\u1ed8NG S\u1ea2N NAM MI\u1ec0N TRUNG<\/p>\n<p>Gi\u1ea5y ph\u00e9p kinh doanh: 0401886032<\/p>\n<p><i class=\"fa fa-map-marker\"><\/i><span style=\"font-size: 110%;\">\u00a0\u0110\u1ecba ch\u1ec9: 41 Tr\u1ea7n \u0110\u1ea1i Ngh\u0129a, Ph\u01b0\u1eddng Ng\u0169 H\u00e0nh S\u01a1n, Th\u00e0nh ph\u1ed1 \u0110\u00e0 N\u1eb5ng, Vi\u1ec7t Nam<\/span><\/p>\n<p><span style=\"font-size: 110%;\"><i class=\"fa fa-phone-square\"><\/i>\u00a0Hotline: 0986 173 334<\/span><\/p>\n<p><span style=\"font-size: 110%;\"><i class=\"fa fa-envelope-o\"><\/i>\u00a0Email: dinhvanminh221297@gmail.com<\/span><\/p>\n<p><span style=\"font-size: 110%;\"><i class=\"fa fa-globe\" aria-hidden=\"true\"><\/i>\u00a0Website: chungcuhueheritage.com<\/span><\/p>\n<div class=\"social-icons follow-icons\" style=\"font-size:102%\"><a href=\"#\" target=\"_blank\" data-label=\"Facebook\"  rel=\"noopener noreferrer nofollow\" class=\"icon plain facebook tooltip\" title=\"Follow on Facebook\"><i class=\"icon-facebook\" ><\/i><\/a><a href=\"#\" target=\"_blank\" rel=\"noopener noreferrer nofollow\" data-label=\"Instagram\" class=\"icon plain  instagram tooltip\" title=\"Follow on Instagram\"><i class=\"icon-instagram\" ><\/i><\/a><a href=\"#\" target=\"_blank\"  data-label=\"Twitter\"  rel=\"noopener noreferrer nofollow\" class=\"icon plain  twitter tooltip\" title=\"Follow on Twitter\"><i class=\"icon-twitter\" ><\/i><\/a><a href=\"#\" target=\"_blank\" rel=\"noopener noreferrer nofollow\"  data-label=\"Pinterest\"  class=\"icon plain  pinterest tooltip\" title=\"Follow on Pinterest\"><i class=\"icon-pinterest\" ><\/i><\/a><a href=\"#\" target=\"_blank\" rel=\"noopener noreferrer nofollow\" data-label=\"LinkedIn\" class=\"icon plain  linkedin tooltip\" title=\"Follow on LinkedIn\"><i class=\"icon-linkedin\" ><\/i><\/a><a href=\"#\" target=\"_blank\" rel=\"noopener noreferrer nofollow\" data-label=\"YouTube\" class=\"icon plain  youtube tooltip\" title=\"Follow on YouTube\"><i class=\"icon-youtube\" ><\/i><\/a><\/div>\n\t\t<\/div>\n\t\t\t<\/div>\n\n\t\n<\/div>\n\t\t<\/div>\n\n\t\t\n<style>\n#section_537373221 {\n  padding-top: 0px;\n  padding-bottom: 0px;\n}\n<\/style>\n\t<\/section>\n\t\n","protected":false},"excerpt":{"rendered":"","protected":false},"author":1,"featured_media":0,"parent":0,"menu_order":0,"comment_status":"closed","ping_status":"closed","template":"page-blank.php","meta":{"footnotes":""},"yst_prominent_words":[],"class_list":["post-30","page","type-page","status-publish","hentry"],"_links":{"self":[{"href":"https:\/\/canhoviewsong.com\/hue-heritage\/wp-json\/wp\/v2\/pages\/30","targetHints":{"allow":["GET"]}}],"collection":[{"href":"https:\/\/canhoviewsong.com\/hue-heritage\/wp-json\/wp\/v2\/pages"}],"about":[{"href":"https:\/\/canhoviewsong.com\/hue-heritage\/wp-json\/wp\/v2\/types\/page"}],"author":[{"embeddable":true,"href":"https:\/\/canhoviewsong.com\/hue-heritage\/wp-json\/wp\/v2\/users\/1"}],"replies":[{"embeddable":true,"href":"https:\/\/canhoviewsong.com\/hue-heritage\/wp-json\/wp\/v2\/comments?post=30"}],"version-history":[{"count":44,"href":"https:\/\/canhoviewsong.com\/hue-heritage\/wp-json\/wp\/v2\/pages\/30\/revisions"}],"predecessor-version":[{"id":1260,"href":"https:\/\/canhoviewsong.com\/hue-heritage\/wp-json\/wp\/v2\/pages\/30\/revisions\/1260"}],"wp:attachment":[{"href":"https:\/\/canhoviewsong.com\/hue-heritage\/wp-json\/wp\/v2\/media?parent=30"}],"wp:term":[{"taxonomy":"yst_prominent_words","embeddable":true,"href":"https:\/\/canhoviewsong.com\/hue-heritage\/wp-json\/wp\/v2\/yst_prominent_words?post=30"}],"curies":[{"name":"wp","href":"https:\/\/api.w.org\/{rel}","templated":true}]}}